{"id":3074,"date":"2025-07-17T11:46:37","date_gmt":"2025-07-17T16:46:37","guid":{"rendered":"https:\/\/suncolenergy.com\/?page_id=3074"},"modified":"2025-07-21T09:57:12","modified_gmt":"2025-07-21T14:57:12","slug":"sector-comercial","status":"publish","type":"page","link":"https:\/\/suncolenergy.com\/en\/sector-comercial\/","title":{"rendered":"Commercial Sector"},"content":{"rendered":"<div data-elementor-type=\"wp-page\" data-elementor-id=\"3074\" class=\"elementor elementor-3074\" data-elementor-settings=\"{&quot;ha_cmc_init_switcher&quot;:&quot;no&quot;}\">\n\t\t\t\t<div class=\"elementor-element elementor-element-d63f6c7 e-con-full e-flex e-con e-parent\" data-id=\"d63f6c7\" data-element_type=\"container\" data-e-type=\"container\" data-settings=\"{&quot;background_background&quot;:&quot;classic&quot;,&quot;_ha_eqh_enable&quot;:false}\">\n\t\t<div class=\"elementor-element elementor-element-4bb999b e-flex e-con-boxed e-con e-child\" data-id=\"4bb999b\" data-element_type=\"container\" data-e-type=\"container\" data-settings=\"{&quot;_ha_eqh_enable&quot;:false}\">\n\t\t\t\t\t<div class=\"e-con-inner\">\n\t\t<div class=\"elementor-element elementor-element-8fcc282 e-con-full e-flex e-con e-child\" data-id=\"8fcc282\" data-element_type=\"container\" data-e-type=\"container\" data-settings=\"{&quot;_ha_eqh_enable&quot;:false}\">\n\t\t\t\t<div class=\"elementor-element elementor-element-f34ef6b elementor-widget elementor-widget-heading\" data-id=\"f34ef6b\" data-element_type=\"widget\" data-e-type=\"widget\" data-widget_type=\"heading.default\">\n\t\t\t\t<div class=\"elementor-widget-container\">\n\t\t\t\t\t<h2 class=\"elementor-heading-title elementor-size-default\"><span style=\"color: #FFFFFF\">Discover our benchmark projects<\/span> of the Commercial Sector<\/h2>\t\t\t\t<\/div>\n\t\t\t\t<\/div>\n\t\t\t\t<\/div>\n\t\t\t\t\t<\/div>\n\t\t\t\t<\/div>\n\t\t<div class=\"elementor-element elementor-element-246821e e-flex e-con-boxed e-con e-child\" data-id=\"246821e\" data-element_type=\"container\" data-e-type=\"container\" data-settings=\"{&quot;_ha_eqh_enable&quot;:false}\">\n\t\t\t\t\t<div class=\"e-con-inner\">\n\t\t\t\t\t<\/div>\n\t\t\t\t<\/div>\n\t\t\t\t<\/div>\n\t\t<div class=\"elementor-element elementor-element-8733a9e e-grid e-con-boxed e-con e-parent\" data-id=\"8733a9e\" data-element_type=\"container\" data-e-type=\"container\" data-settings=\"{&quot;_ha_eqh_enable&quot;:false}\">\n\t\t\t\t\t<div class=\"e-con-inner\">\n\t\t<div class=\"elementor-element elementor-element-674f2e9 e-con-full e-flex e-con e-child\" data-id=\"674f2e9\" data-element_type=\"container\" data-e-type=\"container\" data-settings=\"{&quot;_ha_eqh_enable&quot;:false}\">\n\t\t\t\t<div class=\"elementor-element elementor-element-aaba0e9 elementor-widget elementor-widget-image\" data-id=\"aaba0e9\" data-element_type=\"widget\" data-e-type=\"widget\" data-widget_type=\"image.default\">\n\t\t\t\t<div class=\"elementor-widget-container\">\n\t\t\t\t\t\t\t\t\t\t\t\t\t\t\t<img fetchpriority=\"high\" decoding=\"async\" width=\"800\" height=\"526\" src=\"https:\/\/suncolenergy.com\/wp-content\/uploads\/2025\/07\/11-1024x673.webp\" class=\"attachment-large size-large wp-image-3077\" alt=\"\" srcset=\"https:\/\/suncolenergy.com\/wp-content\/uploads\/2025\/07\/11-1024x673.webp 1024w, https:\/\/suncolenergy.com\/wp-content\/uploads\/2025\/07\/11-300x197.webp 300w, https:\/\/suncolenergy.com\/wp-content\/uploads\/2025\/07\/11-768x505.webp 768w, https:\/\/suncolenergy.com\/wp-content\/uploads\/2025\/07\/11-18x12.webp 18w, https:\/\/suncolenergy.com\/wp-content\/uploads\/2025\/07\/11.webp 1217w\" sizes=\"(max-width: 800px) 100vw, 800px\" \/>\t\t\t\t\t\t\t\t\t\t\t\t\t\t\t<\/div>\n\t\t\t\t<\/div>\n\t\t<div class=\"elementor-element elementor-element-4e0c730 e-con-full e-flex e-con e-child\" data-id=\"4e0c730\" data-element_type=\"container\" data-e-type=\"container\" data-settings=\"{&quot;background_background&quot;:&quot;classic&quot;,&quot;position&quot;:&quot;absolute&quot;,&quot;_ha_eqh_enable&quot;:false}\">\n\t\t\t\t<div class=\"elementor-element elementor-element-681a7b1 elementor-widget elementor-widget-heading\" data-id=\"681a7b1\" data-element_type=\"widget\" data-e-type=\"widget\" data-widget_type=\"heading.default\">\n\t\t\t\t<div class=\"elementor-widget-container\">\n\t\t\t\t\t<h2 class=\"elementor-heading-title elementor-size-default\">123,6<\/h2>\t\t\t\t<\/div>\n\t\t\t\t<\/div>\n\t\t\t\t<div class=\"elementor-element elementor-element-6a21d69 elementor-widget elementor-widget-heading\" data-id=\"6a21d69\" data-element_type=\"widget\" data-e-type=\"widget\" data-widget_type=\"heading.default\">\n\t\t\t\t<div class=\"elementor-widget-container\">\n\t\t\t\t\t<h2 class=\"elementor-heading-title elementor-size-default\">kWp<\/h2>\t\t\t\t<\/div>\n\t\t\t\t<\/div>\n\t\t\t\t<\/div>\n\t\t<div class=\"elementor-element elementor-element-4f978e9 e-con-full e-flex e-con e-child\" data-id=\"4f978e9\" data-element_type=\"container\" data-e-type=\"container\" data-settings=\"{&quot;_ha_eqh_enable&quot;:false}\">\n\t\t\t\t<div class=\"elementor-element elementor-element-126ce66 elementor-widget elementor-widget-text-editor\" data-id=\"126ce66\" data-element_type=\"widget\" data-e-type=\"widget\" data-widget_type=\"text-editor.default\">\n\t\t\t\t<div class=\"elementor-widget-container\">\n\t\t\t\t\t\t\t\t\t<p><span class=\"OYPEnA font-feature-liga-off font-feature-clig-off font-feature-calt-off text-decoration-none text-strikethrough-none\">Annual Savings <\/span><strong><span class=\"OYPEnA font-feature-liga-off font-feature-clig-off font-feature-calt-off text-decoration-none text-strikethrough-none\">$138 M<\/span><\/strong> <span class=\"OYPEnA font-feature-liga-off font-feature-clig-off font-feature-calt-off text-decoration-none text-strikethrough-none\"><span style=\"color: #ffbf00;\">|<\/span> Investment return <\/span><strong><span class=\"OYPEnA font-feature-liga-off font-feature-clig-off font-feature-calt-off text-decoration-none text-strikethrough-none\">3.4 years<\/span><\/strong><\/p>\t\t\t\t\t\t\t\t<\/div>\n\t\t\t\t<\/div>\n\t\t\t\t<\/div>\n\t\t\t\t<\/div>\n\t\t<div class=\"elementor-element elementor-element-dbf7570 e-con-full e-flex e-con e-child\" data-id=\"dbf7570\" data-element_type=\"container\" data-e-type=\"container\" data-settings=\"{&quot;_ha_eqh_enable&quot;:false}\">\n\t\t\t\t<div class=\"elementor-element elementor-element-b08ca4f elementor-widget elementor-widget-image\" data-id=\"b08ca4f\" data-element_type=\"widget\" data-e-type=\"widget\" data-widget_type=\"image.default\">\n\t\t\t\t<div class=\"elementor-widget-container\">\n\t\t\t\t\t\t\t\t\t\t\t\t\t\t\t<img decoding=\"async\" width=\"800\" height=\"526\" src=\"https:\/\/suncolenergy.com\/wp-content\/uploads\/2025\/07\/12-1024x673.webp\" class=\"attachment-large size-large wp-image-3079\" alt=\"\" srcset=\"https:\/\/suncolenergy.com\/wp-content\/uploads\/2025\/07\/12-1024x673.webp 1024w, https:\/\/suncolenergy.com\/wp-content\/uploads\/2025\/07\/12-300x197.webp 300w, https:\/\/suncolenergy.com\/wp-content\/uploads\/2025\/07\/12-768x505.webp 768w, https:\/\/suncolenergy.com\/wp-content\/uploads\/2025\/07\/12-18x12.webp 18w, https:\/\/suncolenergy.com\/wp-content\/uploads\/2025\/07\/12.webp 1217w\" sizes=\"(max-width: 800px) 100vw, 800px\" \/>\t\t\t\t\t\t\t\t\t\t\t\t\t\t\t<\/div>\n\t\t\t\t<\/div>\n\t\t<div class=\"elementor-element elementor-element-d8d5696 e-con-full e-flex e-con e-child\" data-id=\"d8d5696\" data-element_type=\"container\" data-e-type=\"container\" data-settings=\"{&quot;background_background&quot;:&quot;classic&quot;,&quot;position&quot;:&quot;absolute&quot;,&quot;_ha_eqh_enable&quot;:false}\">\n\t\t\t\t<div class=\"elementor-element elementor-element-ffaaa92 elementor-widget elementor-widget-heading\" data-id=\"ffaaa92\" data-element_type=\"widget\" data-e-type=\"widget\" data-widget_type=\"heading.default\">\n\t\t\t\t<div class=\"elementor-widget-container\">\n\t\t\t\t\t<h2 class=\"elementor-heading-title elementor-size-default\">64,9<\/h2>\t\t\t\t<\/div>\n\t\t\t\t<\/div>\n\t\t\t\t<div class=\"elementor-element elementor-element-92b04b6 elementor-widget elementor-widget-heading\" data-id=\"92b04b6\" data-element_type=\"widget\" data-e-type=\"widget\" data-widget_type=\"heading.default\">\n\t\t\t\t<div class=\"elementor-widget-container\">\n\t\t\t\t\t<h2 class=\"elementor-heading-title elementor-size-default\">kWp<\/h2>\t\t\t\t<\/div>\n\t\t\t\t<\/div>\n\t\t\t\t<\/div>\n\t\t<div class=\"elementor-element elementor-element-1b3feee e-con-full e-flex e-con e-child\" data-id=\"1b3feee\" data-element_type=\"container\" data-e-type=\"container\" data-settings=\"{&quot;_ha_eqh_enable&quot;:false}\">\n\t\t\t\t<div class=\"elementor-element elementor-element-4814ef8 elementor-widget elementor-widget-text-editor\" data-id=\"4814ef8\" data-element_type=\"widget\" data-e-type=\"widget\" data-widget_type=\"text-editor.default\">\n\t\t\t\t<div class=\"elementor-widget-container\">\n\t\t\t\t\t\t\t\t\t<p><span class=\"OYPEnA font-feature-liga-off font-feature-clig-off font-feature-calt-off text-decoration-none text-strikethrough-none\">Annual Savings <\/span><strong><span class=\"OYPEnA font-feature-liga-off font-feature-clig-off font-feature-calt-off text-decoration-none text-strikethrough-none\">$88 M<\/span><\/strong> <span class=\"OYPEnA font-feature-liga-off font-feature-clig-off font-feature-calt-off text-decoration-none text-strikethrough-none\"><span style=\"color: #ffbf00;\">|<\/span> Investment return <strong>2<\/strong><\/span><strong><span class=\"OYPEnA font-feature-liga-off font-feature-clig-off font-feature-calt-off text-decoration-none text-strikethrough-none\"><strong>,9<\/strong> years<\/span><\/strong><\/p>\t\t\t\t\t\t\t\t<\/div>\n\t\t\t\t<\/div>\n\t\t\t\t<\/div>\n\t\t\t\t<\/div>\n\t\t<div class=\"elementor-element elementor-element-a0defbe e-con-full e-flex e-con e-child\" data-id=\"a0defbe\" data-element_type=\"container\" data-e-type=\"container\" data-settings=\"{&quot;_ha_eqh_enable&quot;:false}\">\n\t\t\t\t<div class=\"elementor-element elementor-element-9c76a8e elementor-widget elementor-widget-image\" data-id=\"9c76a8e\" data-element_type=\"widget\" data-e-type=\"widget\" data-widget_type=\"image.default\">\n\t\t\t\t<div class=\"elementor-widget-container\">\n\t\t\t\t\t\t\t\t\t\t\t\t\t\t\t<img decoding=\"async\" width=\"800\" height=\"526\" src=\"https:\/\/suncolenergy.com\/wp-content\/uploads\/2025\/07\/13-1-1024x673.webp\" class=\"attachment-large size-large wp-image-3080\" alt=\"\" srcset=\"https:\/\/suncolenergy.com\/wp-content\/uploads\/2025\/07\/13-1-1024x673.webp 1024w, https:\/\/suncolenergy.com\/wp-content\/uploads\/2025\/07\/13-1-300x197.webp 300w, https:\/\/suncolenergy.com\/wp-content\/uploads\/2025\/07\/13-1-768x505.webp 768w, https:\/\/suncolenergy.com\/wp-content\/uploads\/2025\/07\/13-1-18x12.webp 18w, https:\/\/suncolenergy.com\/wp-content\/uploads\/2025\/07\/13-1.webp 1217w\" sizes=\"(max-width: 800px) 100vw, 800px\" \/>\t\t\t\t\t\t\t\t\t\t\t\t\t\t\t<\/div>\n\t\t\t\t<\/div>\n\t\t<div class=\"elementor-element elementor-element-fa619b5 e-con-full e-flex e-con e-child\" data-id=\"fa619b5\" data-element_type=\"container\" data-e-type=\"container\" data-settings=\"{&quot;background_background&quot;:&quot;classic&quot;,&quot;position&quot;:&quot;absolute&quot;,&quot;_ha_eqh_enable&quot;:false}\">\n\t\t\t\t<div class=\"elementor-element elementor-element-53d55cd elementor-widget elementor-widget-heading\" data-id=\"53d55cd\" data-element_type=\"widget\" data-e-type=\"widget\" data-widget_type=\"heading.default\">\n\t\t\t\t<div class=\"elementor-widget-container\">\n\t\t\t\t\t<h2 class=\"elementor-heading-title elementor-size-default\">62,7<\/h2>\t\t\t\t<\/div>\n\t\t\t\t<\/div>\n\t\t\t\t<div class=\"elementor-element elementor-element-bd752a2 elementor-widget elementor-widget-heading\" data-id=\"bd752a2\" data-element_type=\"widget\" data-e-type=\"widget\" data-widget_type=\"heading.default\">\n\t\t\t\t<div class=\"elementor-widget-container\">\n\t\t\t\t\t<h2 class=\"elementor-heading-title elementor-size-default\">kWp<\/h2>\t\t\t\t<\/div>\n\t\t\t\t<\/div>\n\t\t\t\t<\/div>\n\t\t<div class=\"elementor-element elementor-element-886cccc e-con-full e-flex e-con e-child\" data-id=\"886cccc\" data-element_type=\"container\" data-e-type=\"container\" data-settings=\"{&quot;_ha_eqh_enable&quot;:false}\">\n\t\t\t\t<div class=\"elementor-element elementor-element-95e3434 elementor-widget elementor-widget-text-editor\" data-id=\"95e3434\" data-element_type=\"widget\" data-e-type=\"widget\" data-widget_type=\"text-editor.default\">\n\t\t\t\t<div class=\"elementor-widget-container\">\n\t\t\t\t\t\t\t\t\t<p><span class=\"OYPEnA font-feature-liga-off font-feature-clig-off font-feature-calt-off text-decoration-none text-strikethrough-none\">Annual Savings <\/span><strong><span class=\"OYPEnA font-feature-liga-off font-feature-clig-off font-feature-calt-off text-decoration-none text-strikethrough-none\">$76 M<\/span><\/strong> <span class=\"OYPEnA font-feature-liga-off font-feature-clig-off font-feature-calt-off text-decoration-none text-strikethrough-none\"><span style=\"color: #ffbf00;\">|<\/span> Investment return <strong>3<\/strong><\/span><strong><span class=\"OYPEnA font-feature-liga-off font-feature-clig-off font-feature-calt-off text-decoration-none text-strikethrough-none\"><strong>,4<\/strong> years<\/span><\/strong><\/p>\t\t\t\t\t\t\t\t<\/div>\n\t\t\t\t<\/div>\n\t\t\t\t<\/div>\n\t\t\t\t<\/div>\n\t\t<div class=\"elementor-element elementor-element-60a280f e-con-full e-flex e-con e-child\" data-id=\"60a280f\" data-element_type=\"container\" data-e-type=\"container\" data-settings=\"{&quot;_ha_eqh_enable&quot;:false}\">\n\t\t\t\t<div class=\"elementor-element elementor-element-5fe0175 elementor-widget elementor-widget-image\" data-id=\"5fe0175\" data-element_type=\"widget\" data-e-type=\"widget\" data-widget_type=\"image.default\">\n\t\t\t\t<div class=\"elementor-widget-container\">\n\t\t\t\t\t\t\t\t\t\t\t\t\t\t\t<img loading=\"lazy\" decoding=\"async\" width=\"800\" height=\"526\" src=\"https:\/\/suncolenergy.com\/wp-content\/uploads\/2025\/07\/14-1024x673.webp\" class=\"attachment-large size-large wp-image-3081\" alt=\"\" srcset=\"https:\/\/suncolenergy.com\/wp-content\/uploads\/2025\/07\/14-1024x673.webp 1024w, https:\/\/suncolenergy.com\/wp-content\/uploads\/2025\/07\/14-300x197.webp 300w, https:\/\/suncolenergy.com\/wp-content\/uploads\/2025\/07\/14-768x505.webp 768w, https:\/\/suncolenergy.com\/wp-content\/uploads\/2025\/07\/14-18x12.webp 18w, https:\/\/suncolenergy.com\/wp-content\/uploads\/2025\/07\/14.webp 1217w\" sizes=\"(max-width: 800px) 100vw, 800px\" \/>\t\t\t\t\t\t\t\t\t\t\t\t\t\t\t<\/div>\n\t\t\t\t<\/div>\n\t\t<div class=\"elementor-element elementor-element-9325a35 e-con-full e-flex e-con e-child\" data-id=\"9325a35\" data-element_type=\"container\" data-e-type=\"container\" data-settings=\"{&quot;background_background&quot;:&quot;classic&quot;,&quot;position&quot;:&quot;absolute&quot;,&quot;_ha_eqh_enable&quot;:false}\">\n\t\t\t\t<div class=\"elementor-element elementor-element-228ef1d elementor-widget elementor-widget-heading\" data-id=\"228ef1d\" data-element_type=\"widget\" data-e-type=\"widget\" data-widget_type=\"heading.default\">\n\t\t\t\t<div class=\"elementor-widget-container\">\n\t\t\t\t\t<h2 class=\"elementor-heading-title elementor-size-default\">44<\/h2>\t\t\t\t<\/div>\n\t\t\t\t<\/div>\n\t\t\t\t<div class=\"elementor-element elementor-element-c4250ae elementor-widget elementor-widget-heading\" data-id=\"c4250ae\" data-element_type=\"widget\" data-e-type=\"widget\" data-widget_type=\"heading.default\">\n\t\t\t\t<div class=\"elementor-widget-container\">\n\t\t\t\t\t<h2 class=\"elementor-heading-title elementor-size-default\">kWp<\/h2>\t\t\t\t<\/div>\n\t\t\t\t<\/div>\n\t\t\t\t<\/div>\n\t\t<div class=\"elementor-element elementor-element-9bf09ef e-con-full e-flex e-con e-child\" data-id=\"9bf09ef\" data-element_type=\"container\" data-e-type=\"container\" data-settings=\"{&quot;_ha_eqh_enable&quot;:false}\">\n\t\t\t\t<div class=\"elementor-element elementor-element-e20e497 elementor-widget elementor-widget-text-editor\" data-id=\"e20e497\" data-element_type=\"widget\" data-e-type=\"widget\" data-widget_type=\"text-editor.default\">\n\t\t\t\t<div class=\"elementor-widget-container\">\n\t\t\t\t\t\t\t\t\t<p><span class=\"OYPEnA font-feature-liga-off font-feature-clig-off font-feature-calt-off text-decoration-none text-strikethrough-none\">Annual Savings <\/span><strong><span class=\"OYPEnA font-feature-liga-off font-feature-clig-off font-feature-calt-off text-decoration-none text-strikethrough-none\">$61 M<\/span><\/strong> <span class=\"OYPEnA font-feature-liga-off font-feature-clig-off font-feature-calt-off text-decoration-none text-strikethrough-none\"><span style=\"color: #ffbf00;\">|<\/span> Investment return <\/span><strong><span class=\"OYPEnA font-feature-liga-off font-feature-clig-off font-feature-calt-off text-decoration-none text-strikethrough-none\">3.3 years<\/span><\/strong><\/p>\t\t\t\t\t\t\t\t<\/div>\n\t\t\t\t<\/div>\n\t\t\t\t<\/div>\n\t\t\t\t<\/div>\n\t\t<div class=\"elementor-element elementor-element-9427d7d e-con-full e-flex e-con e-child\" data-id=\"9427d7d\" data-element_type=\"container\" data-e-type=\"container\" data-settings=\"{&quot;_ha_eqh_enable&quot;:false}\">\n\t\t\t\t<div class=\"elementor-element elementor-element-e515352 elementor-widget elementor-widget-image\" data-id=\"e515352\" data-element_type=\"widget\" data-e-type=\"widget\" data-widget_type=\"image.default\">\n\t\t\t\t<div class=\"elementor-widget-container\">\n\t\t\t\t\t\t\t\t\t\t\t\t\t\t\t<img loading=\"lazy\" decoding=\"async\" width=\"800\" height=\"526\" src=\"https:\/\/suncolenergy.com\/wp-content\/uploads\/2025\/07\/width_800-1024x673.webp\" class=\"attachment-large size-large wp-image-3078\" alt=\"\" srcset=\"https:\/\/suncolenergy.com\/wp-content\/uploads\/2025\/07\/width_800-1024x673.webp 1024w, https:\/\/suncolenergy.com\/wp-content\/uploads\/2025\/07\/width_800-300x197.webp 300w, https:\/\/suncolenergy.com\/wp-content\/uploads\/2025\/07\/width_800-768x505.webp 768w, https:\/\/suncolenergy.com\/wp-content\/uploads\/2025\/07\/width_800-18x12.webp 18w, https:\/\/suncolenergy.com\/wp-content\/uploads\/2025\/07\/width_800.webp 1217w\" sizes=\"(max-width: 800px) 100vw, 800px\" \/>\t\t\t\t\t\t\t\t\t\t\t\t\t\t\t<\/div>\n\t\t\t\t<\/div>\n\t\t<div class=\"elementor-element elementor-element-a4b287a e-con-full e-flex e-con e-child\" data-id=\"a4b287a\" data-element_type=\"container\" data-e-type=\"container\" data-settings=\"{&quot;background_background&quot;:&quot;classic&quot;,&quot;position&quot;:&quot;absolute&quot;,&quot;_ha_eqh_enable&quot;:false}\">\n\t\t\t\t<div class=\"elementor-element elementor-element-53fb922 elementor-widget elementor-widget-heading\" data-id=\"53fb922\" data-element_type=\"widget\" data-e-type=\"widget\" data-widget_type=\"heading.default\">\n\t\t\t\t<div class=\"elementor-widget-container\">\n\t\t\t\t\t<h2 class=\"elementor-heading-title elementor-size-default\">40,15<\/h2>\t\t\t\t<\/div>\n\t\t\t\t<\/div>\n\t\t\t\t<div class=\"elementor-element elementor-element-e6318e2 elementor-widget elementor-widget-heading\" data-id=\"e6318e2\" data-element_type=\"widget\" data-e-type=\"widget\" data-widget_type=\"heading.default\">\n\t\t\t\t<div class=\"elementor-widget-container\">\n\t\t\t\t\t<h2 class=\"elementor-heading-title elementor-size-default\">kWp<\/h2>\t\t\t\t<\/div>\n\t\t\t\t<\/div>\n\t\t\t\t<\/div>\n\t\t<div class=\"elementor-element elementor-element-415da1e e-con-full e-flex e-con e-child\" data-id=\"415da1e\" data-element_type=\"container\" data-e-type=\"container\" data-settings=\"{&quot;_ha_eqh_enable&quot;:false}\">\n\t\t\t\t<div class=\"elementor-element elementor-element-aeabd41 elementor-widget elementor-widget-text-editor\" data-id=\"aeabd41\" data-element_type=\"widget\" data-e-type=\"widget\" data-widget_type=\"text-editor.default\">\n\t\t\t\t<div class=\"elementor-widget-container\">\n\t\t\t\t\t\t\t\t\t<p><span class=\"OYPEnA font-feature-liga-off font-feature-clig-off font-feature-calt-off text-decoration-none text-strikethrough-none\">Annual Savings <\/span><strong><span class=\"OYPEnA font-feature-liga-off font-feature-clig-off font-feature-calt-off text-decoration-none text-strikethrough-none\">$54 M<\/span><\/strong> <span class=\"OYPEnA font-feature-liga-off font-feature-clig-off font-feature-calt-off text-decoration-none text-strikethrough-none\"><span style=\"color: #ffbf00;\">|<\/span> Investment return <\/span><strong><span class=\"OYPEnA font-feature-liga-off font-feature-clig-off font-feature-calt-off text-decoration-none text-strikethrough-none\">3.4 years<\/span><\/strong><\/p>\t\t\t\t\t\t\t\t<\/div>\n\t\t\t\t<\/div>\n\t\t\t\t<\/div>\n\t\t\t\t<\/div>\n\t\t<div class=\"elementor-element elementor-element-5c5c3d6 e-con-full e-flex e-con e-child\" data-id=\"5c5c3d6\" data-element_type=\"container\" data-e-type=\"container\" data-settings=\"{&quot;_ha_eqh_enable&quot;:false}\">\n\t\t\t\t<div class=\"elementor-element elementor-element-b1b6c68 elementor-widget__width-initial elementor-widget elementor-widget-counter\" data-id=\"b1b6c68\" data-element_type=\"widget\" data-e-type=\"widget\" data-widget_type=\"counter.default\">\n\t\t\t\t<div class=\"elementor-widget-container\">\n\t\t\t\t\t\t\t<div class=\"elementor-counter\">\n\t\t\t<div class=\"elementor-counter-title\">Projects<\/div>\t\t\t<div class=\"elementor-counter-number-wrapper\">\n\t\t\t\t<span class=\"elementor-counter-number-prefix\">+<\/span>\n\t\t\t\t<span class=\"elementor-counter-number\" data-duration=\"2000\" data-to-value=\"32\" data-from-value=\"0\" data-delimiter=\",\">0<\/span>\n\t\t\t\t<span class=\"elementor-counter-number-suffix\"><\/span>\n\t\t\t<\/div>\n\t\t<\/div>\n\t\t\t\t\t\t<\/div>\n\t\t\t\t<\/div>\n\t\t\t\t<\/div>\n\t\t\t\t\t<\/div>\n\t\t\t\t<\/div>\n\t\t\t\t<\/div>","protected":false},"excerpt":{"rendered":"<p>Descubre nuestros proyectos de referencia del Sector Comercial 123,6 kWp Ahorro Anual $138 M | Retorno de inversi\u00f3n 3,4 a\u00f1os 64,9 kWp Ahorro Anual $88 M | Retorno de inversi\u00f3n 2,9 a\u00f1os 62,7 kWp Ahorro Anual $76 M | Retorno de inversi\u00f3n 3,4 a\u00f1os 44 kWp Ahorro Anual $61 M | Retorno de inversi\u00f3n 3,3 [&hellip;]<\/p>","protected":false},"author":3,"featured_media":0,"parent":0,"menu_order":0,"comment_status":"closed","ping_status":"closed","template":"","meta":{"_joinchat":[],"footnotes":""},"class_list":["post-3074","page","type-page","status-publish","hentry"],"_links":{"self":[{"href":"https:\/\/suncolenergy.com\/en\/wp-json\/wp\/v2\/pages\/3074","targetHints":{"allow":["GET"]}}],"collection":[{"href":"https:\/\/suncolenergy.com\/en\/wp-json\/wp\/v2\/pages"}],"about":[{"href":"https:\/\/suncolenergy.com\/en\/wp-json\/wp\/v2\/types\/page"}],"author":[{"embeddable":true,"href":"https:\/\/suncolenergy.com\/en\/wp-json\/wp\/v2\/users\/3"}],"replies":[{"embeddable":true,"href":"https:\/\/suncolenergy.com\/en\/wp-json\/wp\/v2\/comments?post=3074"}],"version-history":[{"count":16,"href":"https:\/\/suncolenergy.com\/en\/wp-json\/wp\/v2\/pages\/3074\/revisions"}],"predecessor-version":[{"id":3239,"href":"https:\/\/suncolenergy.com\/en\/wp-json\/wp\/v2\/pages\/3074\/revisions\/3239"}],"wp:attachment":[{"href":"https:\/\/suncolenergy.com\/en\/wp-json\/wp\/v2\/media?parent=3074"}],"curies":[{"name":"wp","href":"https:\/\/api.w.org\/{rel}","templated":true}]}}