{"id":3085,"date":"2025-07-17T12:12:38","date_gmt":"2025-07-17T17:12:38","guid":{"rendered":"https:\/\/suncolenergy.com\/?page_id=3085"},"modified":"2025-07-18T16:09:45","modified_gmt":"2025-07-18T21:09:45","slug":"sector-residencial","status":"publish","type":"page","link":"https:\/\/suncolenergy.com\/en\/sector-residencial\/","title":{"rendered":"Residential Sector"},"content":{"rendered":"<div data-elementor-type=\"wp-page\" data-elementor-id=\"3085\" class=\"elementor elementor-3085\" data-elementor-settings=\"{&quot;ha_cmc_init_switcher&quot;:&quot;no&quot;}\">\n\t\t\t\t<div class=\"elementor-element elementor-element-4e0f593 e-con-full e-flex e-con e-parent\" data-id=\"4e0f593\" data-element_type=\"container\" data-e-type=\"container\" data-settings=\"{&quot;background_background&quot;:&quot;classic&quot;,&quot;_ha_eqh_enable&quot;:false}\">\n\t\t<div class=\"elementor-element elementor-element-b511827 e-flex e-con-boxed e-con e-child\" data-id=\"b511827\" data-element_type=\"container\" data-e-type=\"container\" data-settings=\"{&quot;_ha_eqh_enable&quot;:false}\">\n\t\t\t\t\t<div class=\"e-con-inner\">\n\t\t<div class=\"elementor-element elementor-element-130939d e-con-full e-flex e-con e-child\" data-id=\"130939d\" data-element_type=\"container\" data-e-type=\"container\" data-settings=\"{&quot;_ha_eqh_enable&quot;:false}\">\n\t\t\t\t<div class=\"elementor-element elementor-element-046f684 elementor-widget elementor-widget-heading\" data-id=\"046f684\" data-element_type=\"widget\" data-e-type=\"widget\" data-widget_type=\"heading.default\">\n\t\t\t\t<div class=\"elementor-widget-container\">\n\t\t\t\t\t<h2 class=\"elementor-heading-title elementor-size-default\"><span style=\"color: #FFFFFF\">Discover our benchmark projects<\/span> of the Residential Sector<\/h2>\t\t\t\t<\/div>\n\t\t\t\t<\/div>\n\t\t\t\t<\/div>\n\t\t\t\t\t<\/div>\n\t\t\t\t<\/div>\n\t\t<div class=\"elementor-element elementor-element-a49ae0c e-flex e-con-boxed e-con e-child\" data-id=\"a49ae0c\" data-element_type=\"container\" data-e-type=\"container\" data-settings=\"{&quot;_ha_eqh_enable&quot;:false}\">\n\t\t\t\t\t<div class=\"e-con-inner\">\n\t\t\t\t\t<\/div>\n\t\t\t\t<\/div>\n\t\t\t\t<\/div>\n\t\t<div class=\"elementor-element elementor-element-1b06e2c e-grid e-con-boxed e-con e-parent\" data-id=\"1b06e2c\" data-element_type=\"container\" data-e-type=\"container\" data-settings=\"{&quot;_ha_eqh_enable&quot;:false}\">\n\t\t\t\t\t<div class=\"e-con-inner\">\n\t\t<div class=\"elementor-element elementor-element-31c2452 e-con-full e-flex e-con e-child\" data-id=\"31c2452\" data-element_type=\"container\" data-e-type=\"container\" data-settings=\"{&quot;_ha_eqh_enable&quot;:false}\">\n\t\t\t\t<div class=\"elementor-element elementor-element-444a94d elementor-widget elementor-widget-image\" data-id=\"444a94d\" data-element_type=\"widget\" data-e-type=\"widget\" data-widget_type=\"image.default\">\n\t\t\t\t<div class=\"elementor-widget-container\">\n\t\t\t\t\t\t\t\t\t\t\t\t\t\t\t<img fetchpriority=\"high\" decoding=\"async\" width=\"800\" height=\"521\" src=\"https:\/\/suncolenergy.com\/wp-content\/uploads\/2025\/07\/1-1024x667.webp\" class=\"attachment-large size-large wp-image-3088\" alt=\"\" srcset=\"https:\/\/suncolenergy.com\/wp-content\/uploads\/2025\/07\/1-1024x667.webp 1024w, https:\/\/suncolenergy.com\/wp-content\/uploads\/2025\/07\/1-300x196.webp 300w, https:\/\/suncolenergy.com\/wp-content\/uploads\/2025\/07\/1-768x501.webp 768w, https:\/\/suncolenergy.com\/wp-content\/uploads\/2025\/07\/1-18x12.webp 18w, https:\/\/suncolenergy.com\/wp-content\/uploads\/2025\/07\/1.webp 1080w\" sizes=\"(max-width: 800px) 100vw, 800px\" \/>\t\t\t\t\t\t\t\t\t\t\t\t\t\t\t<\/div>\n\t\t\t\t<\/div>\n\t\t<div class=\"elementor-element elementor-element-69ccac3 e-con-full e-flex e-con e-child\" data-id=\"69ccac3\" data-element_type=\"container\" data-e-type=\"container\" data-settings=\"{&quot;background_background&quot;:&quot;classic&quot;,&quot;position&quot;:&quot;absolute&quot;,&quot;_ha_eqh_enable&quot;:false}\">\n\t\t\t\t<div class=\"elementor-element elementor-element-ca5695c elementor-widget elementor-widget-heading\" data-id=\"ca5695c\" data-element_type=\"widget\" data-e-type=\"widget\" data-widget_type=\"heading.default\">\n\t\t\t\t<div class=\"elementor-widget-container\">\n\t\t\t\t\t<h2 class=\"elementor-heading-title elementor-size-default\">11,12<\/h2>\t\t\t\t<\/div>\n\t\t\t\t<\/div>\n\t\t\t\t<div class=\"elementor-element elementor-element-9caac47 elementor-widget elementor-widget-heading\" data-id=\"9caac47\" data-element_type=\"widget\" data-e-type=\"widget\" data-widget_type=\"heading.default\">\n\t\t\t\t<div class=\"elementor-widget-container\">\n\t\t\t\t\t<h2 class=\"elementor-heading-title elementor-size-default\">kWp<\/h2>\t\t\t\t<\/div>\n\t\t\t\t<\/div>\n\t\t\t\t<\/div>\n\t\t<div class=\"elementor-element elementor-element-bd508fd e-con-full e-flex e-con e-child\" data-id=\"bd508fd\" data-element_type=\"container\" data-e-type=\"container\" data-settings=\"{&quot;_ha_eqh_enable&quot;:false}\">\n\t\t\t\t<div class=\"elementor-element elementor-element-adb94d1 elementor-widget elementor-widget-text-editor\" data-id=\"adb94d1\" data-element_type=\"widget\" data-e-type=\"widget\" data-widget_type=\"text-editor.default\">\n\t\t\t\t<div class=\"elementor-widget-container\">\n\t\t\t\t\t\t\t\t\t<p><span class=\"OYPEnA font-feature-liga-off font-feature-clig-off font-feature-calt-off text-decoration-none text-strikethrough-none\">Annual Savings <\/span><strong><span class=\"OYPEnA font-feature-liga-off font-feature-clig-off font-feature-calt-off text-decoration-none text-strikethrough-none\">$23 M<\/span><\/strong> <span class=\"OYPEnA font-feature-liga-off font-feature-clig-off font-feature-calt-off text-decoration-none text-strikethrough-none\"><span style=\"color: #ffbf00;\">|<\/span> Investment return <\/span><strong><span class=\"OYPEnA font-feature-liga-off font-feature-clig-off font-feature-calt-off text-decoration-none text-strikethrough-none\">4 years<\/span><\/strong><\/p>\t\t\t\t\t\t\t\t<\/div>\n\t\t\t\t<\/div>\n\t\t\t\t<\/div>\n\t\t\t\t<\/div>\n\t\t<div class=\"elementor-element elementor-element-2df4e47 e-con-full e-flex e-con e-child\" data-id=\"2df4e47\" data-element_type=\"container\" data-e-type=\"container\" data-settings=\"{&quot;_ha_eqh_enable&quot;:false}\">\n\t\t\t\t<div class=\"elementor-element elementor-element-c21d9e8 elementor-widget elementor-widget-image\" data-id=\"c21d9e8\" data-element_type=\"widget\" data-e-type=\"widget\" data-widget_type=\"image.default\">\n\t\t\t\t<div class=\"elementor-widget-container\">\n\t\t\t\t\t\t\t\t\t\t\t\t\t\t\t<img decoding=\"async\" width=\"800\" height=\"526\" src=\"https:\/\/suncolenergy.com\/wp-content\/uploads\/2025\/07\/bogota-1024x673.webp\" class=\"attachment-large size-large wp-image-3089\" alt=\"\" srcset=\"https:\/\/suncolenergy.com\/wp-content\/uploads\/2025\/07\/bogota-1024x673.webp 1024w, https:\/\/suncolenergy.com\/wp-content\/uploads\/2025\/07\/bogota-300x197.webp 300w, https:\/\/suncolenergy.com\/wp-content\/uploads\/2025\/07\/bogota-768x505.webp 768w, https:\/\/suncolenergy.com\/wp-content\/uploads\/2025\/07\/bogota-18x12.webp 18w, https:\/\/suncolenergy.com\/wp-content\/uploads\/2025\/07\/bogota.webp 1217w\" sizes=\"(max-width: 800px) 100vw, 800px\" \/>\t\t\t\t\t\t\t\t\t\t\t\t\t\t\t<\/div>\n\t\t\t\t<\/div>\n\t\t<div class=\"elementor-element elementor-element-597a696 e-con-full e-flex e-con e-child\" data-id=\"597a696\" data-element_type=\"container\" data-e-type=\"container\" data-settings=\"{&quot;background_background&quot;:&quot;classic&quot;,&quot;position&quot;:&quot;absolute&quot;,&quot;_ha_eqh_enable&quot;:false}\">\n\t\t\t\t<div class=\"elementor-element elementor-element-651037f elementor-widget elementor-widget-heading\" data-id=\"651037f\" data-element_type=\"widget\" data-e-type=\"widget\" data-widget_type=\"heading.default\">\n\t\t\t\t<div class=\"elementor-widget-container\">\n\t\t\t\t\t<h2 class=\"elementor-heading-title elementor-size-default\">4,36<\/h2>\t\t\t\t<\/div>\n\t\t\t\t<\/div>\n\t\t\t\t<div class=\"elementor-element elementor-element-5b69c0c elementor-widget elementor-widget-heading\" data-id=\"5b69c0c\" data-element_type=\"widget\" data-e-type=\"widget\" data-widget_type=\"heading.default\">\n\t\t\t\t<div class=\"elementor-widget-container\">\n\t\t\t\t\t<h2 class=\"elementor-heading-title elementor-size-default\">kWp<\/h2>\t\t\t\t<\/div>\n\t\t\t\t<\/div>\n\t\t\t\t<\/div>\n\t\t<div class=\"elementor-element elementor-element-c7965bf e-con-full e-flex e-con e-child\" data-id=\"c7965bf\" data-element_type=\"container\" data-e-type=\"container\" data-settings=\"{&quot;_ha_eqh_enable&quot;:false}\">\n\t\t\t\t<div class=\"elementor-element elementor-element-2c99716 elementor-widget elementor-widget-text-editor\" data-id=\"2c99716\" data-element_type=\"widget\" data-e-type=\"widget\" data-widget_type=\"text-editor.default\">\n\t\t\t\t<div class=\"elementor-widget-container\">\n\t\t\t\t\t\t\t\t\t<p><span class=\"OYPEnA font-feature-liga-off font-feature-clig-off font-feature-calt-off text-decoration-none text-strikethrough-none\">Annual Savings <\/span><strong><span class=\"OYPEnA font-feature-liga-off font-feature-clig-off font-feature-calt-off text-decoration-none text-strikethrough-none\">$6 M<\/span><\/strong> <span class=\"OYPEnA font-feature-liga-off font-feature-clig-off font-feature-calt-off text-decoration-none text-strikethrough-none\"><span style=\"color: #ffbf00;\">|<\/span> Investment return <strong>5<\/strong><\/span><strong><span class=\"OYPEnA font-feature-liga-off font-feature-clig-off font-feature-calt-off text-decoration-none text-strikethrough-none\">\u00a0years<\/span><\/strong><\/p>\t\t\t\t\t\t\t\t<\/div>\n\t\t\t\t<\/div>\n\t\t\t\t<\/div>\n\t\t\t\t<\/div>\n\t\t<div class=\"elementor-element elementor-element-7db0612 e-con-full e-flex e-con e-child\" data-id=\"7db0612\" data-element_type=\"container\" data-e-type=\"container\" data-settings=\"{&quot;_ha_eqh_enable&quot;:false}\">\n\t\t\t\t<div class=\"elementor-element elementor-element-46a3cdf elementor-widget elementor-widget-image\" data-id=\"46a3cdf\" data-element_type=\"widget\" data-e-type=\"widget\" data-widget_type=\"image.default\">\n\t\t\t\t<div class=\"elementor-widget-container\">\n\t\t\t\t\t\t\t\t\t\t\t\t\t\t\t<img decoding=\"async\" width=\"800\" height=\"526\" src=\"https:\/\/suncolenergy.com\/wp-content\/uploads\/2025\/07\/piedecuesta-santander-1-1-1024x673.webp\" class=\"attachment-large size-large wp-image-3090\" alt=\"\" srcset=\"https:\/\/suncolenergy.com\/wp-content\/uploads\/2025\/07\/piedecuesta-santander-1-1-1024x673.webp 1024w, https:\/\/suncolenergy.com\/wp-content\/uploads\/2025\/07\/piedecuesta-santander-1-1-300x197.webp 300w, https:\/\/suncolenergy.com\/wp-content\/uploads\/2025\/07\/piedecuesta-santander-1-1-768x505.webp 768w, https:\/\/suncolenergy.com\/wp-content\/uploads\/2025\/07\/piedecuesta-santander-1-1-18x12.webp 18w, https:\/\/suncolenergy.com\/wp-content\/uploads\/2025\/07\/piedecuesta-santander-1-1.webp 1217w\" sizes=\"(max-width: 800px) 100vw, 800px\" \/>\t\t\t\t\t\t\t\t\t\t\t\t\t\t\t<\/div>\n\t\t\t\t<\/div>\n\t\t<div class=\"elementor-element elementor-element-1d596d2 e-con-full e-flex e-con e-child\" data-id=\"1d596d2\" data-element_type=\"container\" data-e-type=\"container\" data-settings=\"{&quot;background_background&quot;:&quot;classic&quot;,&quot;position&quot;:&quot;absolute&quot;,&quot;_ha_eqh_enable&quot;:false}\">\n\t\t\t\t<div class=\"elementor-element elementor-element-dfc77b0 elementor-widget elementor-widget-heading\" data-id=\"dfc77b0\" data-element_type=\"widget\" data-e-type=\"widget\" data-widget_type=\"heading.default\">\n\t\t\t\t<div class=\"elementor-widget-container\">\n\t\t\t\t\t<h2 class=\"elementor-heading-title elementor-size-default\">0,85<\/h2>\t\t\t\t<\/div>\n\t\t\t\t<\/div>\n\t\t\t\t<div class=\"elementor-element elementor-element-e05f484 elementor-widget elementor-widget-heading\" data-id=\"e05f484\" data-element_type=\"widget\" data-e-type=\"widget\" data-widget_type=\"heading.default\">\n\t\t\t\t<div class=\"elementor-widget-container\">\n\t\t\t\t\t<h2 class=\"elementor-heading-title elementor-size-default\">kWp<\/h2>\t\t\t\t<\/div>\n\t\t\t\t<\/div>\n\t\t\t\t<\/div>\n\t\t<div class=\"elementor-element elementor-element-475662f e-con-full e-flex e-con e-child\" data-id=\"475662f\" data-element_type=\"container\" data-e-type=\"container\" data-settings=\"{&quot;_ha_eqh_enable&quot;:false}\">\n\t\t\t\t<div class=\"elementor-element elementor-element-9cba4c7 elementor-widget elementor-widget-text-editor\" data-id=\"9cba4c7\" data-element_type=\"widget\" data-e-type=\"widget\" data-widget_type=\"text-editor.default\">\n\t\t\t\t<div class=\"elementor-widget-container\">\n\t\t\t\t\t\t\t\t\t<p><span class=\"OYPEnA font-feature-liga-off font-feature-clig-off font-feature-calt-off text-decoration-none text-strikethrough-none\">Annual Savings <\/span><strong><span class=\"OYPEnA font-feature-liga-off font-feature-clig-off font-feature-calt-off text-decoration-none text-strikethrough-none\">$1,5 M<\/span><\/strong> <span class=\"OYPEnA font-feature-liga-off font-feature-clig-off font-feature-calt-off text-decoration-none text-strikethrough-none\"><span style=\"color: #ffbf00;\">|<\/span> Investment return\u00a0<\/span><strong><span class=\"OYPEnA font-feature-liga-off font-feature-clig-off font-feature-calt-off text-decoration-none text-strikethrough-none\">5 years<\/span><\/strong><\/p>\t\t\t\t\t\t\t\t<\/div>\n\t\t\t\t<\/div>\n\t\t\t\t<\/div>\n\t\t\t\t<\/div>\n\t\t<div class=\"elementor-element elementor-element-c6e3a43 e-con-full e-flex e-con e-child\" data-id=\"c6e3a43\" data-element_type=\"container\" data-e-type=\"container\" data-settings=\"{&quot;_ha_eqh_enable&quot;:false}\">\n\t\t\t\t<div class=\"elementor-element elementor-element-a868b7e elementor-widget elementor-widget-image\" data-id=\"a868b7e\" data-element_type=\"widget\" data-e-type=\"widget\" data-widget_type=\"image.default\">\n\t\t\t\t<div class=\"elementor-widget-container\">\n\t\t\t\t\t\t\t\t\t\t\t\t\t\t\t<img loading=\"lazy\" decoding=\"async\" width=\"800\" height=\"526\" src=\"https:\/\/suncolenergy.com\/wp-content\/uploads\/2025\/07\/duitama-boyaca-1-1024x673.webp\" class=\"attachment-large size-large wp-image-3091\" alt=\"\" srcset=\"https:\/\/suncolenergy.com\/wp-content\/uploads\/2025\/07\/duitama-boyaca-1-1024x673.webp 1024w, https:\/\/suncolenergy.com\/wp-content\/uploads\/2025\/07\/duitama-boyaca-1-300x197.webp 300w, https:\/\/suncolenergy.com\/wp-content\/uploads\/2025\/07\/duitama-boyaca-1-768x505.webp 768w, https:\/\/suncolenergy.com\/wp-content\/uploads\/2025\/07\/duitama-boyaca-1-18x12.webp 18w, https:\/\/suncolenergy.com\/wp-content\/uploads\/2025\/07\/duitama-boyaca-1.webp 1217w\" sizes=\"(max-width: 800px) 100vw, 800px\" \/>\t\t\t\t\t\t\t\t\t\t\t\t\t\t\t<\/div>\n\t\t\t\t<\/div>\n\t\t<div class=\"elementor-element elementor-element-9a49cbe e-con-full e-flex e-con e-child\" data-id=\"9a49cbe\" data-element_type=\"container\" data-e-type=\"container\" data-settings=\"{&quot;background_background&quot;:&quot;classic&quot;,&quot;position&quot;:&quot;absolute&quot;,&quot;_ha_eqh_enable&quot;:false}\">\n\t\t\t\t<div class=\"elementor-element elementor-element-9fb88f5 elementor-widget elementor-widget-heading\" data-id=\"9fb88f5\" data-element_type=\"widget\" data-e-type=\"widget\" data-widget_type=\"heading.default\">\n\t\t\t\t<div class=\"elementor-widget-container\">\n\t\t\t\t\t<h2 class=\"elementor-heading-title elementor-size-default\">2,07<\/h2>\t\t\t\t<\/div>\n\t\t\t\t<\/div>\n\t\t\t\t<div class=\"elementor-element elementor-element-e59e49c elementor-widget elementor-widget-heading\" data-id=\"e59e49c\" data-element_type=\"widget\" data-e-type=\"widget\" data-widget_type=\"heading.default\">\n\t\t\t\t<div class=\"elementor-widget-container\">\n\t\t\t\t\t<h2 class=\"elementor-heading-title elementor-size-default\">kWp<\/h2>\t\t\t\t<\/div>\n\t\t\t\t<\/div>\n\t\t\t\t<\/div>\n\t\t<div class=\"elementor-element elementor-element-e6c87b3 e-con-full e-flex e-con e-child\" data-id=\"e6c87b3\" data-element_type=\"container\" data-e-type=\"container\" data-settings=\"{&quot;_ha_eqh_enable&quot;:false}\">\n\t\t\t\t<div class=\"elementor-element elementor-element-e28ee9c elementor-widget elementor-widget-text-editor\" data-id=\"e28ee9c\" data-element_type=\"widget\" data-e-type=\"widget\" data-widget_type=\"text-editor.default\">\n\t\t\t\t<div class=\"elementor-widget-container\">\n\t\t\t\t\t\t\t\t\t<p><span class=\"OYPEnA font-feature-liga-off font-feature-clig-off font-feature-calt-off text-decoration-none text-strikethrough-none\">Annual Savings <\/span><strong><span class=\"OYPEnA font-feature-liga-off font-feature-clig-off font-feature-calt-off text-decoration-none text-strikethrough-none\">$2 M<\/span><\/strong> <span class=\"OYPEnA font-feature-liga-off font-feature-clig-off font-feature-calt-off text-decoration-none text-strikethrough-none\"><span style=\"color: #ffbf00;\">|<\/span> Investment return <\/span><strong><span class=\"OYPEnA font-feature-liga-off font-feature-clig-off font-feature-calt-off text-decoration-none text-strikethrough-none\">5 years<\/span><\/strong><\/p>\t\t\t\t\t\t\t\t<\/div>\n\t\t\t\t<\/div>\n\t\t\t\t<\/div>\n\t\t\t\t<\/div>\n\t\t<div class=\"elementor-element elementor-element-c8482f9 e-con-full e-flex e-con e-child\" data-id=\"c8482f9\" data-element_type=\"container\" data-e-type=\"container\" data-settings=\"{&quot;_ha_eqh_enable&quot;:false}\">\n\t\t\t\t<div class=\"elementor-element elementor-element-e405b19 elementor-widget elementor-widget-image\" data-id=\"e405b19\" data-element_type=\"widget\" data-e-type=\"widget\" data-widget_type=\"image.default\">\n\t\t\t\t<div class=\"elementor-widget-container\">\n\t\t\t\t\t\t\t\t\t\t\t\t\t\t\t<img loading=\"lazy\" decoding=\"async\" width=\"800\" height=\"512\" src=\"https:\/\/suncolenergy.com\/wp-content\/uploads\/2025\/07\/barichara-santander.webp\" class=\"attachment-large size-large wp-image-3092\" alt=\"\" srcset=\"https:\/\/suncolenergy.com\/wp-content\/uploads\/2025\/07\/barichara-santander.webp 987w, https:\/\/suncolenergy.com\/wp-content\/uploads\/2025\/07\/barichara-santander-300x192.webp 300w, https:\/\/suncolenergy.com\/wp-content\/uploads\/2025\/07\/barichara-santander-768x492.webp 768w, https:\/\/suncolenergy.com\/wp-content\/uploads\/2025\/07\/barichara-santander-18x12.webp 18w\" sizes=\"(max-width: 800px) 100vw, 800px\" \/>\t\t\t\t\t\t\t\t\t\t\t\t\t\t\t<\/div>\n\t\t\t\t<\/div>\n\t\t<div class=\"elementor-element elementor-element-8404255 e-con-full e-flex e-con e-child\" data-id=\"8404255\" data-element_type=\"container\" data-e-type=\"container\" data-settings=\"{&quot;background_background&quot;:&quot;classic&quot;,&quot;position&quot;:&quot;absolute&quot;,&quot;_ha_eqh_enable&quot;:false}\">\n\t\t\t\t<div class=\"elementor-element elementor-element-3579d4a elementor-widget elementor-widget-heading\" data-id=\"3579d4a\" data-element_type=\"widget\" data-e-type=\"widget\" data-widget_type=\"heading.default\">\n\t\t\t\t<div class=\"elementor-widget-container\">\n\t\t\t\t\t<h2 class=\"elementor-heading-title elementor-size-default\">2,43<\/h2>\t\t\t\t<\/div>\n\t\t\t\t<\/div>\n\t\t\t\t<div class=\"elementor-element elementor-element-e4769ca elementor-widget elementor-widget-heading\" data-id=\"e4769ca\" data-element_type=\"widget\" data-e-type=\"widget\" data-widget_type=\"heading.default\">\n\t\t\t\t<div class=\"elementor-widget-container\">\n\t\t\t\t\t<h2 class=\"elementor-heading-title elementor-size-default\">kWp<\/h2>\t\t\t\t<\/div>\n\t\t\t\t<\/div>\n\t\t\t\t<\/div>\n\t\t<div class=\"elementor-element elementor-element-5b11191 e-con-full e-flex e-con e-child\" data-id=\"5b11191\" data-element_type=\"container\" data-e-type=\"container\" data-settings=\"{&quot;_ha_eqh_enable&quot;:false}\">\n\t\t\t\t<div class=\"elementor-element elementor-element-671bf3b elementor-widget elementor-widget-text-editor\" data-id=\"671bf3b\" data-element_type=\"widget\" data-e-type=\"widget\" data-widget_type=\"text-editor.default\">\n\t\t\t\t<div class=\"elementor-widget-container\">\n\t\t\t\t\t\t\t\t\t<p><span class=\"OYPEnA font-feature-liga-off font-feature-clig-off font-feature-calt-off text-decoration-none text-strikethrough-none\">Annual Savings <\/span><strong><span class=\"OYPEnA font-feature-liga-off font-feature-clig-off font-feature-calt-off text-decoration-none text-strikethrough-none\">$1,86 M<\/span><\/strong> <span class=\"OYPEnA font-feature-liga-off font-feature-clig-off font-feature-calt-off text-decoration-none text-strikethrough-none\"><span style=\"color: #ffbf00;\">|<\/span> Investment return<strong> 5<\/strong><\/span><strong><span class=\"OYPEnA font-feature-liga-off font-feature-clig-off font-feature-calt-off text-decoration-none text-strikethrough-none\">.5 years<\/span><\/strong><\/p>\t\t\t\t\t\t\t\t<\/div>\n\t\t\t\t<\/div>\n\t\t\t\t<\/div>\n\t\t\t\t<\/div>\n\t\t<div class=\"elementor-element elementor-element-6e66510 e-con-full e-flex e-con e-child\" data-id=\"6e66510\" data-element_type=\"container\" data-e-type=\"container\" data-settings=\"{&quot;_ha_eqh_enable&quot;:false}\">\n\t\t\t\t<div class=\"elementor-element elementor-element-4c6f2ce elementor-widget elementor-widget-image\" data-id=\"4c6f2ce\" data-element_type=\"widget\" data-e-type=\"widget\" data-widget_type=\"image.default\">\n\t\t\t\t<div class=\"elementor-widget-container\">\n\t\t\t\t\t\t\t\t\t\t\t\t\t\t\t<img loading=\"lazy\" decoding=\"async\" width=\"800\" height=\"526\" src=\"https:\/\/suncolenergy.com\/wp-content\/uploads\/2025\/07\/capitanejo-santander-1024x673.webp\" class=\"attachment-large size-large wp-image-3093\" alt=\"\" srcset=\"https:\/\/suncolenergy.com\/wp-content\/uploads\/2025\/07\/capitanejo-santander-1024x673.webp 1024w, https:\/\/suncolenergy.com\/wp-content\/uploads\/2025\/07\/capitanejo-santander-300x197.webp 300w, https:\/\/suncolenergy.com\/wp-content\/uploads\/2025\/07\/capitanejo-santander-768x505.webp 768w, https:\/\/suncolenergy.com\/wp-content\/uploads\/2025\/07\/capitanejo-santander-18x12.webp 18w, https:\/\/suncolenergy.com\/wp-content\/uploads\/2025\/07\/capitanejo-santander.webp 1217w\" sizes=\"(max-width: 800px) 100vw, 800px\" \/>\t\t\t\t\t\t\t\t\t\t\t\t\t\t\t<\/div>\n\t\t\t\t<\/div>\n\t\t<div class=\"elementor-element elementor-element-8f0a6f5 e-con-full e-flex e-con e-child\" data-id=\"8f0a6f5\" data-element_type=\"container\" data-e-type=\"container\" data-settings=\"{&quot;background_background&quot;:&quot;classic&quot;,&quot;position&quot;:&quot;absolute&quot;,&quot;_ha_eqh_enable&quot;:false}\">\n\t\t\t\t<div class=\"elementor-element elementor-element-bfd672f elementor-widget elementor-widget-heading\" data-id=\"bfd672f\" data-element_type=\"widget\" data-e-type=\"widget\" data-widget_type=\"heading.default\">\n\t\t\t\t<div class=\"elementor-widget-container\">\n\t\t\t\t\t<h2 class=\"elementor-heading-title elementor-size-default\">2,52<\/h2>\t\t\t\t<\/div>\n\t\t\t\t<\/div>\n\t\t\t\t<div class=\"elementor-element elementor-element-04c0a06 elementor-widget elementor-widget-heading\" data-id=\"04c0a06\" data-element_type=\"widget\" data-e-type=\"widget\" data-widget_type=\"heading.default\">\n\t\t\t\t<div class=\"elementor-widget-container\">\n\t\t\t\t\t<h2 class=\"elementor-heading-title elementor-size-default\">kWp<\/h2>\t\t\t\t<\/div>\n\t\t\t\t<\/div>\n\t\t\t\t<\/div>\n\t\t<div class=\"elementor-element elementor-element-fd29a88 e-con-full e-flex e-con e-child\" data-id=\"fd29a88\" data-element_type=\"container\" data-e-type=\"container\" data-settings=\"{&quot;_ha_eqh_enable&quot;:false}\">\n\t\t\t\t<div class=\"elementor-element elementor-element-9ee648c elementor-widget elementor-widget-text-editor\" data-id=\"9ee648c\" data-element_type=\"widget\" data-e-type=\"widget\" data-widget_type=\"text-editor.default\">\n\t\t\t\t<div class=\"elementor-widget-container\">\n\t\t\t\t\t\t\t\t\t<p><span class=\"OYPEnA font-feature-liga-off font-feature-clig-off font-feature-calt-off text-decoration-none text-strikethrough-none\">Annual Savings <\/span><strong><span class=\"OYPEnA font-feature-liga-off font-feature-clig-off font-feature-calt-off text-decoration-none text-strikethrough-none\">$2,3 M<\/span><\/strong> <span class=\"OYPEnA font-feature-liga-off font-feature-clig-off font-feature-calt-off text-decoration-none text-strikethrough-none\"><span style=\"color: #ffbf00;\">|<\/span> Investment return <\/span><strong><span class=\"OYPEnA font-feature-liga-off font-feature-clig-off font-feature-calt-off text-decoration-none text-strikethrough-none\">4 years<\/span><\/strong><\/p>\t\t\t\t\t\t\t\t<\/div>\n\t\t\t\t<\/div>\n\t\t\t\t<\/div>\n\t\t\t\t<\/div>\n\t\t\t\t\t<\/div>\n\t\t\t\t<\/div>\n\t\t\t\t<\/div>","protected":false},"excerpt":{"rendered":"<p>Descubre nuestros proyectos de referencia del Sector Residencial 11,12 kWp Ahorro Anual $23 M | Retorno de inversi\u00f3n 4 a\u00f1os 4,36 kWp Ahorro Anual $6 M | Retorno de inversi\u00f3n 5\u00a0a\u00f1os 0,85 kWp Ahorro Anual $1,5 M | Retorno de inversi\u00f3n\u00a05 a\u00f1os 2,07 kWp Ahorro Anual $2 M | Retorno de inversi\u00f3n 5 a\u00f1os 2,43 [&hellip;]<\/p>","protected":false},"author":3,"featured_media":0,"parent":0,"menu_order":0,"comment_status":"closed","ping_status":"closed","template":"","meta":{"_joinchat":[],"footnotes":""},"class_list":["post-3085","page","type-page","status-publish","hentry"],"_links":{"self":[{"href":"https:\/\/suncolenergy.com\/en\/wp-json\/wp\/v2\/pages\/3085","targetHints":{"allow":["GET"]}}],"collection":[{"href":"https:\/\/suncolenergy.com\/en\/wp-json\/wp\/v2\/pages"}],"about":[{"href":"https:\/\/suncolenergy.com\/en\/wp-json\/wp\/v2\/types\/page"}],"author":[{"embeddable":true,"href":"https:\/\/suncolenergy.com\/en\/wp-json\/wp\/v2\/users\/3"}],"replies":[{"embeddable":true,"href":"https:\/\/suncolenergy.com\/en\/wp-json\/wp\/v2\/comments?post=3085"}],"version-history":[{"count":16,"href":"https:\/\/suncolenergy.com\/en\/wp-json\/wp\/v2\/pages\/3085\/revisions"}],"predecessor-version":[{"id":3218,"href":"https:\/\/suncolenergy.com\/en\/wp-json\/wp\/v2\/pages\/3085\/revisions\/3218"}],"wp:attachment":[{"href":"https:\/\/suncolenergy.com\/en\/wp-json\/wp\/v2\/media?parent=3085"}],"curies":[{"name":"wp","href":"https:\/\/api.w.org\/{rel}","templated":true}]}}